{"id":57,"date":"2020-10-16T00:47:27","date_gmt":"2020-10-15T22:47:27","guid":{"rendered":"https:\/\/www.mosrzorlov.sk\/?page_id=57"},"modified":"2020-10-18T12:57:38","modified_gmt":"2020-10-18T10:57:38","slug":"rybarske-preteky-dospelych-2019","status":"publish","type":"page","link":"https:\/\/www.mosrzorlov.sk\/?page_id=57","title":{"rendered":"Ryb\u00e1rske preteky dospel\u00fdch 2019"},"content":{"rendered":"\n<p>Ryb\u00e1rske preteky dospel\u00fdch&nbsp;s&nbsp;mo\u017enos\u0165ou ponechania si uloven\u00e9ho kapra organizujeme v&nbsp;stredu &nbsp;8. m\u00e1ja 2019.<\/p>\n\n\n\n<p>06.30 \u2013 08.00\u00a0\u00a0\u00a0\u00a0<strong>prezent\u00e1cia pretek\u00e1rov\u00a0<\/strong>\u00a0 \u00a0 \u00a0 \u00a0 \u00a0 \u00a0 \u00a0 \u00a0 \u00a0 \u00a0 \u00a0<\/p>\n\n\n\n<p>08.05 \u2013 08.15\u00a0\u00a0\u00a0\u00a0<strong>otvorenie pretekov<\/strong>\u00a0\u00a0\u00a0\u00a0\u00a0\u00a0\u00a0\u00a0\u00a0\u00a0\u00a0\u00a0\u00a0\u00a0\u00a0\u00a0\u00a0\u00a0\u00a0\u00a0\u00a0\u00a0\u00a0\u00a0\u00a0\u00a0\u00a0\u00a0\u00a0 <\/p>\n\n\n\n<p>08.15 \u2013 08.25\u00a0\u00a0\u00a0\u00a0<strong>presun pretek\u00e1rov na lov<\/strong>\u00a0 \u00a0 \u00a0 \u00a0 \u00a0 \u00a0 \u00a0 \u00a0 \u00a0 <\/p>\n\n\n\n<p>08.30 \u2013 08.55\u00a0\u00a0\u00a0\u00a0<strong>k\u0155menie, vnadenie\u00a0 \u00a0 \u00a0 \u00a0 \u00a0 \u00a0 \u00a0 \u00a0 \u00a0 \u00a0 \u00a0 \u00a0 \u00a0 \u00a0 \u00a0 \u00a0<\/strong><\/p>\n\n\n\n<p>09.00 \u2013 12.00\u00a0\u00a0\u00a0\u00a0<strong>preteky I. kolo, pl\u00e1van\u00e1 ,na \u0165a\u017eko\u00a0 \u00a0 <\/strong><\/p>\n\n\n\n<p>12.05 \u2013 12.45&nbsp;&nbsp;&nbsp;&nbsp;<strong>hodnotenie \u00falovkov<\/strong><\/p>\n\n\n\n<p>12.45 \u2013 13.45&nbsp;&nbsp;&nbsp;&nbsp;&nbsp;<strong>prest\u00e1vka (obed, ob\u010derstvenie, odovzdanie cien)<\/strong><\/p>\n\n\n\n<p>14.00 \u2013 22.00\u00a0\u00a0\u00a0\u00a0<strong>preteky II. kolo \u2013 pl\u00e1van\u00e1, na \u0165a\u017eko<\/strong><\/p>\n\n\n\n<hr class=\"wp-block-separator\"\/>\n\n\n\n<p>Tra\u0165:\u00a0\u00a0\u00a0\u00a0\u00a0\u00a0\u00a0\u00a0\u00a0\u00a0\u00a0<strong>\u0161trkovisko Orlov 4-2720-1-1 K \u2013 rev\u00edr<\/strong><br>Zraz:\u00a0\u00a0\u00a0\u00a0\u00a0\u00a0\u00a0\u00a0\u00a0\u00a0\u00a0<strong>chata MO SRZ Orlov v\u00a0Plav\u010di<\/strong><br>\u0160tartovn\u00e9:\u00a0\u00a0<strong>5 \u20ac<\/strong><br>Ceny:\u00a0\u00a0\u00a0\u00a0\u00a0\u00a0\u00a0\u00a0\u00a0\u00a0<strong>MO SRZ Orlov + sponzori<\/strong><br>Lov:\u00a0\u00a0\u00a0\u00a0\u00a0\u00a0\u00a0\u00a0\u00a0\u00a0\u00a0\u00a0<strong>LRU \u2013 pl\u00e1van\u00e1, na \u0165a\u017eko<\/strong><\/p>\n","protected":false},"excerpt":{"rendered":"<p>Ryb\u00e1rske preteky dospel\u00fdch&nbsp;s&nbsp;mo\u017enos\u0165ou ponechania si uloven\u00e9ho kapra organizujeme v&nbsp;stredu &nbsp;8. m\u00e1ja 2019. 06.30 \u2013 08.00\u00a0\u00a0\u00a0\u00a0prezent\u00e1cia pretek\u00e1rov\u00a0\u00a0 \u00a0 \u00a0 \u00a0 \u00a0 \u00a0 \u00a0 \u00a0 \u00a0 \u00a0 \u00a0 08.05 \u2013 08.15\u00a0\u00a0\u00a0\u00a0otvorenie pretekov\u00a0\u00a0\u00a0\u00a0\u00a0\u00a0\u00a0\u00a0\u00a0\u00a0\u00a0\u00a0\u00a0\u00a0\u00a0\u00a0\u00a0\u00a0\u00a0\u00a0\u00a0\u00a0\u00a0\u00a0\u00a0\u00a0\u00a0\u00a0\u00a0 08.15 \u2013 08.25\u00a0\u00a0\u00a0\u00a0presun pretek\u00e1rov na lov\u00a0 \u00a0 \u00a0 \u00a0 \u00a0 \u00a0 \u00a0 \u00a0 \u00a0 08.30 \u2013 08.55\u00a0\u00a0\u00a0\u00a0k\u0155menie, vnadenie\u00a0 \u00a0 \u00a0 \u00a0 \u00a0 \u00a0 \u00a0 \u00a0 \u00a0 \u00a0 \u00a0 \u00a0 \u00a0&#46;&#46;&#46;<\/p>\n","protected":false},"author":1,"featured_media":0,"parent":0,"menu_order":0,"comment_status":"closed","ping_status":"closed","template":"","meta":{"ngg_post_thumbnail":0,"footnotes":""},"class_list":["post-57","page","type-page","status-publish","hentry"],"_links":{"self":[{"href":"https:\/\/www.mosrzorlov.sk\/index.php?rest_route=\/wp\/v2\/pages\/57","targetHints":{"allow":["GET"]}}],"collection":[{"href":"https:\/\/www.mosrzorlov.sk\/index.php?rest_route=\/wp\/v2\/pages"}],"about":[{"href":"https:\/\/www.mosrzorlov.sk\/index.php?rest_route=\/wp\/v2\/types\/page"}],"author":[{"embeddable":true,"href":"https:\/\/www.mosrzorlov.sk\/index.php?rest_route=\/wp\/v2\/users\/1"}],"replies":[{"embeddable":true,"href":"https:\/\/www.mosrzorlov.sk\/index.php?rest_route=%2Fwp%2Fv2%2Fcomments&post=57"}],"version-history":[{"count":2,"href":"https:\/\/www.mosrzorlov.sk\/index.php?rest_route=\/wp\/v2\/pages\/57\/revisions"}],"predecessor-version":[{"id":1760,"href":"https:\/\/www.mosrzorlov.sk\/index.php?rest_route=\/wp\/v2\/pages\/57\/revisions\/1760"}],"wp:attachment":[{"href":"https:\/\/www.mosrzorlov.sk\/index.php?rest_route=%2Fwp%2Fv2%2Fmedia&parent=57"}],"curies":[{"name":"wp","href":"https:\/\/api.w.org\/{rel}","templated":true}]}}