{"id":1669,"date":"2020-10-17T22:43:57","date_gmt":"2020-10-17T20:43:57","guid":{"rendered":"https:\/\/www.mosrzorlov.sk\/?page_id=1669"},"modified":"2020-10-18T12:15:55","modified_gmt":"2020-10-18T10:15:55","slug":"fotogaleria-ulovkov","status":"publish","type":"page","link":"https:\/\/www.mosrzorlov.sk\/?page_id=1669","title":{"rendered":"Fotogal\u00e9ria \u00falovkov"},"content":{"rendered":"\n<h2 class=\"wp-block-heading\">Gal\u00e9ria \u00falovkov<\/h2>\n\n\n\nngg_shortcode_0_placeholder\n\n\n\n<p>Va\u0161e \u00falovky budeme postupne uver\u0148ova\u0165 na tejto str\u00e1nke. <\/p>\n","protected":false},"excerpt":{"rendered":"<p>Gal\u00e9ria \u00falovkov Va\u0161e \u00falovky budeme postupne uver\u0148ova\u0165 na tejto str\u00e1nke.<\/p>\n","protected":false},"author":1,"featured_media":0,"parent":0,"menu_order":0,"comment_status":"closed","ping_status":"closed","template":"","meta":{"ngg_post_thumbnail":0,"footnotes":""},"class_list":["post-1669","page","type-page","status-publish","hentry"],"_links":{"self":[{"href":"https:\/\/www.mosrzorlov.sk\/index.php?rest_route=\/wp\/v2\/pages\/1669","targetHints":{"allow":["GET"]}}],"collection":[{"href":"https:\/\/www.mosrzorlov.sk\/index.php?rest_route=\/wp\/v2\/pages"}],"about":[{"href":"https:\/\/www.mosrzorlov.sk\/index.php?rest_route=\/wp\/v2\/types\/page"}],"author":[{"embeddable":true,"href":"https:\/\/www.mosrzorlov.sk\/index.php?rest_route=\/wp\/v2\/users\/1"}],"replies":[{"embeddable":true,"href":"https:\/\/www.mosrzorlov.sk\/index.php?rest_route=%2Fwp%2Fv2%2Fcomments&post=1669"}],"version-history":[{"count":6,"href":"https:\/\/www.mosrzorlov.sk\/index.php?rest_route=\/wp\/v2\/pages\/1669\/revisions"}],"predecessor-version":[{"id":1735,"href":"https:\/\/www.mosrzorlov.sk\/index.php?rest_route=\/wp\/v2\/pages\/1669\/revisions\/1735"}],"wp:attachment":[{"href":"https:\/\/www.mosrzorlov.sk\/index.php?rest_route=%2Fwp%2Fv2%2Fmedia&parent=1669"}],"curies":[{"name":"wp","href":"https:\/\/api.w.org\/{rel}","templated":true}]}}