{"id":1356,"date":"2020-10-16T18:38:55","date_gmt":"2020-10-16T16:38:55","guid":{"rendered":"https:\/\/www.mosrzorlov.sk\/?page_id=1356"},"modified":"2020-10-16T18:38:56","modified_gmt":"2020-10-16T16:38:56","slug":"clenska-schodza-2017","status":"publish","type":"page","link":"https:\/\/www.mosrzorlov.sk\/?page_id=1356","title":{"rendered":"\u010clensk\u00e1 sch\u00f4dza 2017"},"content":{"rendered":"\nngg_shortcode_0_placeholder\n","protected":false},"excerpt":{"rendered":"","protected":false},"author":1,"featured_media":0,"parent":0,"menu_order":0,"comment_status":"closed","ping_status":"closed","template":"","meta":{"ngg_post_thumbnail":0,"footnotes":""},"class_list":["post-1356","page","type-page","status-publish","hentry"],"_links":{"self":[{"href":"https:\/\/www.mosrzorlov.sk\/index.php?rest_route=\/wp\/v2\/pages\/1356","targetHints":{"allow":["GET"]}}],"collection":[{"href":"https:\/\/www.mosrzorlov.sk\/index.php?rest_route=\/wp\/v2\/pages"}],"about":[{"href":"https:\/\/www.mosrzorlov.sk\/index.php?rest_route=\/wp\/v2\/types\/page"}],"author":[{"embeddable":true,"href":"https:\/\/www.mosrzorlov.sk\/index.php?rest_route=\/wp\/v2\/users\/1"}],"replies":[{"embeddable":true,"href":"https:\/\/www.mosrzorlov.sk\/index.php?rest_route=%2Fwp%2Fv2%2Fcomments&post=1356"}],"version-history":[{"count":1,"href":"https:\/\/www.mosrzorlov.sk\/index.php?rest_route=\/wp\/v2\/pages\/1356\/revisions"}],"predecessor-version":[{"id":1369,"href":"https:\/\/www.mosrzorlov.sk\/index.php?rest_route=\/wp\/v2\/pages\/1356\/revisions\/1369"}],"wp:attachment":[{"href":"https:\/\/www.mosrzorlov.sk\/index.php?rest_route=%2Fwp%2Fv2%2Fmedia&parent=1356"}],"curies":[{"name":"wp","href":"https:\/\/api.w.org\/{rel}","templated":true}]}}